{"id":1127,"date":"2023-11-05T20:21:35","date_gmt":"2023-11-05T20:21:35","guid":{"rendered":"https:\/\/innovation.orientaeduca.com\/?page_id=1127"},"modified":"2024-10-29T20:01:25","modified_gmt":"2024-10-29T20:01:25","slug":"modelos-para-la-orientacion","status":"publish","type":"page","link":"https:\/\/innovation.orientaeduca.com\/?page_id=1127","title":{"rendered":"Modelos para la pr\u00e1ctica docente"},"content":{"rendered":"<div class=\"wpb-content-wrapper\"><p>[vc_row][vc_column][vc_empty_space][vc_column_text]<\/p>\n<p style=\"text-align: center;\"><span style=\"font-size: 12pt; font-family: georgia, palatino, serif;\">En este apartado se publican modelos para la pr\u00e1ctica docente\u00a0<strong>descargables en formato PDF Editable<\/strong>. Estos son <strong>totalmente gratuitos<\/strong> y est\u00e1n dise\u00f1ados <strong>para facilitar la labor de los docentes de Castilla-La Mancha.<\/strong><\/span><\/p>\n<p>[\/vc_column_text][vc_empty_space][vc_basic_grid post_type=\u00bbpost\u00bb max_items=\u00bb10&#8243; style=\u00bblazy\u00bb items_per_page=\u00bb9&#8243; show_filter=\u00bbyes\u00bb order=\u00bbASC\u00bb filter_style=\u00bbbordered-rounded-less\u00bb filter_color=\u00bbblack\u00bb item=\u00bbmasonryGrid_IconSlideOut\u00bb grid_id=\u00bbvc_gid:1730232048030-03eaeb1f-fe96-3&#8243; filter_source=\u00bbcategory\u00bb][vc_empty_space][vc_column_text]<\/p>\n<p style=\"text-align: center;\"><em><span style=\"font-family: georgia, palatino, serif; font-size: 10pt; color: #333333;\">Los modelos est\u00e1n <strong>clasificados siguiendo la estructura de organizaci\u00f3n y funcionamiento<\/strong> de los centros educativos, tomando como referencia los \u00f3rganos de gobierno, de participaci\u00f3n y de coordinaci\u00f3n docente. De este modo, <strong>los modelos que elabora y firma un determinado \u00f3rgano, tiene establecido un rango num\u00e9rico,<\/strong> organizados de la siguiente manera: <strong>Direcci\u00f3n<\/strong> (0000-0999), <strong>Jefatura de Estudios<\/strong>\u00a0(1000-1999), <strong>Secretar\u00eda y administraci\u00f3n<\/strong> (2000-2999), <strong>Claustro<\/strong> (3000-3999), <strong>CCP<\/strong> (4000-4999), <strong>Tutor\u00eda<\/strong> (5000-5999), <strong>Nivel\/Ciclo\/Bilingu\u00edsmo<\/strong> (6000-6999), <strong>Orientaci\u00f3n<\/strong> (7000-7999) y <strong>Responsables Espec\u00edficos<\/strong> (8000-9999)<\/span><\/em><\/p>\n<p style=\"text-align: center;\"><img loading=\"lazy\" decoding=\"async\" class=\" wp-image-2188 aligncenter\" src=\"https:\/\/innovation.orientaeduca.com\/wp-content\/uploads\/2024\/10\/Licencia-Creative-Commons-Orienta-Educa-Modelos-300x61.jpg\" alt=\"\" width=\"393\" height=\"80\" srcset=\"https:\/\/innovation.orientaeduca.com\/wp-content\/uploads\/2024\/10\/Licencia-Creative-Commons-Orienta-Educa-Modelos-300x61.jpg 300w, https:\/\/innovation.orientaeduca.com\/wp-content\/uploads\/2024\/10\/Licencia-Creative-Commons-Orienta-Educa-Modelos-1024x208.jpg 1024w, https:\/\/innovation.orientaeduca.com\/wp-content\/uploads\/2024\/10\/Licencia-Creative-Commons-Orienta-Educa-Modelos-768x156.jpg 768w, https:\/\/innovation.orientaeduca.com\/wp-content\/uploads\/2024\/10\/Licencia-Creative-Commons-Orienta-Educa-Modelos-1536x312.jpg 1536w, https:\/\/innovation.orientaeduca.com\/wp-content\/uploads\/2024\/10\/Licencia-Creative-Commons-Orienta-Educa-Modelos-2048x416.jpg 2048w\" sizes=\"auto, (max-width: 393px) 100vw, 393px\" \/><\/p>\n<p style=\"text-align: center;\"><em><span style=\"font-size: 10pt;\">Estos modelos han sido <strong>elaborados y desarrollados por Julio Campanero Ortiz<\/strong>, administrador de OrientaEduca y<\/span><span style=\"font-size: 10pt;\"> se ponen a disposici\u00f3n de los orientadores\/as que quieran utilizarlos de forma gratuita.<\/span><span style=\"font-size: 10pt;\"> Se detalla la <strong>licencia Creative Commons.<\/strong><\/span><\/em><\/p>\n<p>[\/vc_column_text][vc_empty_space][\/vc_column][\/vc_row][vc_row][\/vc_row]<\/p>\n<\/div>","protected":false},"excerpt":{"rendered":"<p>[vc_row][vc_column][vc_empty_space][vc_column_text] En este apartado se publican modelos para la pr\u00e1ctica docente\u00a0descargables en formato PDF Editable. Estos son totalmente gratuitos y est\u00e1n dise\u00f1ados para facilitar la labor de los docentes de Castilla-La Mancha. [\/vc_column_text][vc_empty_space][vc_basic_grid post_type=\u00bbpost\u00bb max_items=\u00bb10&#8243; style=\u00bblazy\u00bb items_per_page=\u00bb9&#8243; show_filter=\u00bbyes\u00bb order=\u00bbASC\u00bb filter_style=\u00bbbordered-rounded-less\u00bb filter_color=\u00bbblack\u00bb item=\u00bbmasonryGrid_IconSlideOut\u00bb grid_id=\u00bbvc_gid:1730232048030-03eaeb1f-fe96-3&#8243; filter_source=\u00bbcategory\u00bb][vc_empty_space][vc_column_text] Los modelos est\u00e1n clasificados siguiendo la estructura de organizaci\u00f3n y funcionamiento [&hellip;]<\/p>\n","protected":false},"author":1,"featured_media":0,"parent":0,"menu_order":0,"comment_status":"closed","ping_status":"closed","template":"page.php","meta":{"_crdt_document":"","_uag_custom_page_level_css":"","footnotes":""},"class_list":["post-1127","page","type-page","status-publish","hentry"],"uagb_featured_image_src":{"full":false,"thumbnail":false,"medium":false,"medium_large":false,"large":false,"1536x1536":false,"2048x2048":false,"hazel_blog":false,"hazel_mini":false,"hazel_portfolio":false,"hazel_regular":false,"hazel_wide":false,"hazel_tall":false,"hazel_widetall":false},"uagb_author_info":{"display_name":"admin","author_link":"https:\/\/innovation.orientaeduca.com\/?author=1"},"uagb_comment_info":0,"uagb_excerpt":"[vc_row][vc_column][vc_empty_space][vc_column_text] En este apartado se publican modelos para la pr\u00e1ctica docente\u00a0descargables en formato PDF Editable. Estos son totalmente gratuitos y est\u00e1n dise\u00f1ados para facilitar la labor de los docentes de Castilla-La Mancha. [\/vc_column_text][vc_empty_space][vc_basic_grid post_type=\u00bbpost\u00bb max_items=\u00bb10&#8243; style=\u00bblazy\u00bb items_per_page=\u00bb9&#8243; show_filter=\u00bbyes\u00bb order=\u00bbASC\u00bb filter_style=\u00bbbordered-rounded-less\u00bb filter_color=\u00bbblack\u00bb item=\u00bbmasonryGrid_IconSlideOut\u00bb grid_id=\u00bbvc_gid:1730232048030-03eaeb1f-fe96-3&#8243; filter_source=\u00bbcategory\u00bb][vc_empty_space][vc_column_text] Los modelos est\u00e1n clasificados siguiendo la estructura de organizaci\u00f3n y funcionamiento&hellip;","_links":{"self":[{"href":"https:\/\/innovation.orientaeduca.com\/index.php?rest_route=\/wp\/v2\/pages\/1127","targetHints":{"allow":["GET"]}}],"collection":[{"href":"https:\/\/innovation.orientaeduca.com\/index.php?rest_route=\/wp\/v2\/pages"}],"about":[{"href":"https:\/\/innovation.orientaeduca.com\/index.php?rest_route=\/wp\/v2\/types\/page"}],"author":[{"embeddable":true,"href":"https:\/\/innovation.orientaeduca.com\/index.php?rest_route=\/wp\/v2\/users\/1"}],"replies":[{"embeddable":true,"href":"https:\/\/innovation.orientaeduca.com\/index.php?rest_route=%2Fwp%2Fv2%2Fcomments&post=1127"}],"version-history":[{"count":0,"href":"https:\/\/innovation.orientaeduca.com\/index.php?rest_route=\/wp\/v2\/pages\/1127\/revisions"}],"wp:attachment":[{"href":"https:\/\/innovation.orientaeduca.com\/index.php?rest_route=%2Fwp%2Fv2%2Fmedia&parent=1127"}],"curies":[{"name":"wp","href":"https:\/\/api.w.org\/{rel}","templated":true}]}}